{"id":3047,"date":"2020-03-14T14:31:03","date_gmt":"2020-03-14T14:31:03","guid":{"rendered":"https:\/\/neu.mmr-media.de\/?page_id=3047"},"modified":"2023-05-10T15:32:13","modified_gmt":"2023-05-10T15:32:13","slug":"kontakt","status":"publish","type":"page","link":"https:\/\/neu.mmr-media.de\/es\/kontakt","title":{"rendered":"P\u00f3ngase en contacto con"},"content":{"rendered":"<section class=\"wpb-content-wrapper\"><div class=\"vc_row wpb_row vc_row-fluid inner_container desktop-visible cneo-head vc_custom_1683732716644 vc_row-has-fill vc_rtl-columns-reverse vc_row-o-content-middle vc_row-flex\"><div class=\"wpb_column vc_column_container vc_col-sm-3\/5\"><div class=\"vc_column-inner vc_custom_1581831845353\"><div class=\"wpb_wrapper\">\n\t<div class=\"wpb_text_column wpb_content_element\" >\n\t\t<div class=\"wpb_wrapper\">\n\t\t\t\n\t\t<\/div>\n\t<\/div>\n<\/div><\/div><\/div><\/div><div class=\"vc_row wpb_row vc_row-fluid mobile-invisible cneo-head\"><div class=\"wpb_column vc_column_container vc_col-sm-12\"><div class=\"vc_column-inner\"><div class=\"wpb_wrapper\">\n\t<div  class=\"wpb_single_image wpb_content_element vc_align_left\">\n\t\t\n\t\t<figure class=\"wpb_wrapper vc_figure\">\n\t\t\t<div class=\"vc_single_image-wrapper   vc_box_border_grey\"><img width=\"800\" height=\"600\" src=\"https:\/\/neu.mmr-media.de\/wp-content\/uploads\/nordic_walking_800_600.jpg\" class=\"vc_single_image-img attachment-full\" alt=\"\" decoding=\"async\" loading=\"lazy\" title=\"Senderismo en grupo de marcha n\u00f3rdica en verano\" srcset=\"https:\/\/neu.mmr-media.de\/wp-content\/uploads\/nordic_walking_800_600.jpg 800w, https:\/\/neu.mmr-media.de\/wp-content\/uploads\/nordic_walking_800_600-300x225.jpg 300w, https:\/\/neu.mmr-media.de\/wp-content\/uploads\/nordic_walking_800_600-768x576.jpg 768w, https:\/\/neu.mmr-media.de\/wp-content\/uploads\/nordic_walking_800_600-16x12.jpg 16w, https:\/\/neu.mmr-media.de\/wp-content\/uploads\/nordic_walking_800_600-100x75.jpg 100w\" sizes=\"(max-width: 800px) 100vw, 800px\" \/><\/div>\n\t\t<\/figure>\n\t<\/div>\n<\/div><\/div><\/div><\/div><div class=\"vc_row wpb_row vc_row-fluid inner_container vc_custom_1584084628757 vc_row-has-fill\"><div class=\"wpb_column vc_column_container vc_col-sm-12\"><div class=\"vc_column-inner\"><div class=\"wpb_wrapper\"><div class=\"vc_empty_space\"   style=\"height: 32px\"><span class=\"vc_empty_space_inner\"><\/span><\/div><\/div><\/div><\/div><\/div><div class=\"vc_row wpb_row vc_row-fluid inner_container_fixed\"><div class=\"wpb_column vc_column_container vc_col-sm-12\"><div class=\"vc_column-inner\"><div class=\"wpb_wrapper\">\n\t<div class=\"wpb_text_column wpb_content_element\" >\n\t\t<div class=\"wpb_wrapper\">\n\t\t\t<h1 style=\"text-align: center;\">NEHMEN SIE KONTAKT MIT UNS AUF<\/h1>\n<p style=\"text-align: center;\">F\u00fcllen Sie einfach das unten stehende Formular aus und schicken es ab. Wir werden uns so schnell wie m\u00f6glich mit Ihnen in Verbindung setzen.<\/p>\n\n\t\t<\/div>\n\t<\/div>\n<\/div><\/div><\/div><\/div><div class=\"vc_row wpb_row vc_row-fluid inner_container_fixed\"><div class=\"wpb_column vc_column_container vc_col-sm-12\"><div class=\"vc_column-inner\"><div class=\"wpb_wrapper\">\n<div class=\"wpcf7 no-js\" id=\"wpcf7-f1931-o1\" lang=\"de-DE\" dir=\"ltr\">\n<div class=\"screen-reader-response\"><p role=\"status\" aria-live=\"polite\" aria-atomic=\"true\"><\/p> <ul><\/ul><\/div>\n<form action=\"\/es\/wp-json\/wp\/v2\/pages\/3047#wpcf7-f1931-o1\" method=\"post\" class=\"wpcf7-form init\" aria-label=\"Kontaktformular\" novalidate=\"novalidate\" data-status=\"init\" data-trp-original-action=\"\/es\/wp-json\/wp\/v2\/pages\/3047#wpcf7-f1931-o1\">\n<div style=\"display: none;\">\n<input type=\"hidden\" name=\"_wpcf7\" value=\"1931\" \/>\n<input type=\"hidden\" name=\"_wpcf7_version\" value=\"5.7.7\" \/>\n<input type=\"hidden\" name=\"_wpcf7_locale\" value=\"de_DE\" \/>\n<input type=\"hidden\" name=\"_wpcf7_unit_tag\" value=\"wpcf7-f1931-o1\" \/>\n<input type=\"hidden\" name=\"_wpcf7_container_post\" value=\"0\" \/>\n<input type=\"hidden\" name=\"_wpcf7_posted_data_hash\" value=\"\" \/>\n<\/div>\n<p><label> Ihr Name (Pflichtfeld)<br \/>\n<span class=\"wpcf7-form-control-wrap\" data-name=\"your-name\"><input size=\"40\" class=\"wpcf7-form-control wpcf7-text wpcf7-validates-as-required\" aria-required=\"true\" aria-invalid=\"false\" value=\"\" type=\"text\" name=\"your-name\" \/><\/span> <\/label>\n<\/p>\n<p><label> Ihre E-Mail-Adresse (Pflichtfeld)<br \/>\n<span class=\"wpcf7-form-control-wrap\" data-name=\"your-email\"><input size=\"40\" class=\"wpcf7-form-control wpcf7-text wpcf7-email wpcf7-validates-as-required wpcf7-validates-as-email\" aria-required=\"true\" aria-invalid=\"false\" value=\"\" type=\"email\" name=\"your-email\" \/><\/span> <\/label>\n<\/p>\n<p><label> Betreff<br \/>\n<span class=\"wpcf7-form-control-wrap\" data-name=\"your-subject\"><input size=\"40\" class=\"wpcf7-form-control wpcf7-text\" aria-invalid=\"false\" value=\"\" type=\"text\" name=\"your-subject\" \/><\/span> <\/label>\n<\/p>\n<p><label> Ihre Nachricht<br \/>\n<span class=\"wpcf7-form-control-wrap\" data-name=\"your-message\"><textarea cols=\"40\" rows=\"10\" class=\"wpcf7-form-control wpcf7-textarea\" aria-invalid=\"false\" name=\"your-message\"><\/textarea><\/span> <\/label>\n<\/p>\n<p>Sie erhalten eine separate Mail mit den von Ihnen eigegebenen Daten.\n<\/p>\n<p><input class=\"wpcf7-form-control has-spinner wpcf7-submit\" type=\"submit\" value=\"Senden\" \/>\n<\/p>\n<p><span id=\"wpcf7-69d0f31d1f21b-wrapper\" class=\"wpcf7-form-control-wrap honeypotemailwebsite-wrap\" style=\"display:none !important; visibility:hidden !important;\"><label for=\"wpcf7-69d0f31d1f21b-field\" class=\"hp-message\">Bitte lasse dieses Feld leer.<\/label><input id=\"wpcf7-69d0f31d1f21b-field\"  class=\"wpcf7-form-control wpcf7-text\" type=\"text\" name=\"honeypotemailwebsite\" value=\"\" size=\"40\" tabindex=\"-1\" autocomplete=\"new-password\" \/><\/span>\n<\/p><div class=\"wpcf7-response-output\" aria-hidden=\"true\"><\/div>\n<input type=\"hidden\" name=\"trp-form-language\" value=\"es\"\/><\/form>\n<\/div>\n<\/div><\/div><\/div><\/div>\n<\/section>","protected":false},"excerpt":{"rendered":"NEHMEN SIE KONTAKT MIT UNS AUF F\u00fcllen Sie einfach das unten stehende Formular aus und schicken es ab. Wir werden uns so schnell wie m\u00f6glich mit Ihnen in Verbindung setzen. Ihr Name (Pflichtfeld) Ihre E-Mail-Adresse (Pflichtfeld) Betreff Ihre Nachricht Sie erhalten eine separate Mail mit den von Ihnen eigegebenen Daten. Bitte lasse dieses Feld leer.","protected":false},"author":1,"featured_media":0,"parent":0,"menu_order":0,"comment_status":"closed","ping_status":"closed","template":"template-blank-4.php","meta":[],"yoast_head":"<!-- This site is optimized with the Yoast SEO plugin v20.9 - https:\/\/yoast.com\/wordpress\/plugins\/seo\/ -->\n<title>Kontakt - citos GmbH<\/title>\n<meta name=\"description\" content=\"Consulting, Beratung, Digitalisierung, IT, Corporate Identitiy, Digitalisierung, DMS, Projektmanagement, Interim Management und M&amp;A in Bonn\" \/>\n<meta name=\"robots\" content=\"index, follow, max-snippet:-1, max-image-preview:large, max-video-preview:-1\" \/>\n<link rel=\"canonical\" href=\"https:\/\/neu.mmr-media.de\/es\/kontakt\/\" \/>\n<meta property=\"og:locale\" content=\"es_ES\" \/>\n<meta property=\"og:type\" content=\"article\" \/>\n<meta property=\"og:title\" content=\"Kontakt - citos GmbH\" \/>\n<meta property=\"og:description\" content=\"Consulting, Beratung, Digitalisierung, IT, Corporate Identitiy, Digitalisierung, DMS, Projektmanagement, Interim Management und M&amp;A in Bonn\" \/>\n<meta property=\"og:url\" content=\"https:\/\/neu.mmr-media.de\/es\/kontakt\/\" \/>\n<meta property=\"og:site_name\" content=\"F\u00fcr K\u00f6rper und Seele\" \/>\n<meta property=\"article:modified_time\" content=\"2023-05-10T15:32:13+00:00\" \/>\n<meta name=\"twitter:card\" content=\"summary_large_image\" \/>\n<meta name=\"twitter:label1\" content=\"Tiempo de lectura\" \/>\n\t<meta name=\"twitter:data1\" content=\"1 minuto\" \/>\n<script type=\"application\/ld+json\" class=\"yoast-schema-graph\">{\"@context\":\"https:\/\/schema.org\",\"@graph\":[{\"@type\":\"WebPage\",\"@id\":\"https:\/\/neu.mmr-media.de\/kontakt\",\"url\":\"https:\/\/neu.mmr-media.de\/kontakt\",\"name\":\"Kontakt - citos GmbH\",\"isPartOf\":{\"@id\":\"https:\/\/neu.mmr-media.de\/#website\"},\"datePublished\":\"2020-03-14T14:31:03+00:00\",\"dateModified\":\"2023-05-10T15:32:13+00:00\",\"description\":\"Consulting, Beratung, Digitalisierung, IT, Corporate Identitiy, Digitalisierung, DMS, Projektmanagement, Interim Management und M&A in Bonn\",\"inLanguage\":\"es\",\"potentialAction\":[{\"@type\":\"ReadAction\",\"target\":[\"https:\/\/neu.mmr-media.de\/kontakt\"]}]},{\"@type\":\"WebSite\",\"@id\":\"https:\/\/neu.mmr-media.de\/#website\",\"url\":\"https:\/\/neu.mmr-media.de\/\",\"name\":\"F\u00fcr K\u00f6rper und Seele\",\"description\":\"F\u00fcr K\u00f6rper und Seele\",\"potentialAction\":[{\"@type\":\"SearchAction\",\"target\":{\"@type\":\"EntryPoint\",\"urlTemplate\":\"https:\/\/neu.mmr-media.de\/?s={search_term_string}\"},\"query-input\":\"required name=search_term_string\"}],\"inLanguage\":\"es\"}]}<\/script>\n<!-- \/ Yoast SEO plugin. -->","yoast_head_json":{"title":"Kontakt - citos GmbH","description":"Consulting, Beratung, Digitalisierung, IT, Corporate Identitiy, Digitalisierung, DMS, Projektmanagement, Interim Management und M&A in Bonn","robots":{"index":"index","follow":"follow","max-snippet":"max-snippet:-1","max-image-preview":"max-image-preview:large","max-video-preview":"max-video-preview:-1"},"canonical":"https:\/\/neu.mmr-media.de\/es\/kontakt\/","og_locale":"es_ES","og_type":"article","og_title":"Kontakt - citos GmbH","og_description":"Consulting, Beratung, Digitalisierung, IT, Corporate Identitiy, Digitalisierung, DMS, Projektmanagement, Interim Management und M&A in Bonn","og_url":"https:\/\/neu.mmr-media.de\/es\/kontakt\/","og_site_name":"F\u00fcr K\u00f6rper und Seele","article_modified_time":"2023-05-10T15:32:13+00:00","twitter_card":"summary_large_image","twitter_misc":{"Tiempo de lectura":"1 minuto"},"schema":{"@context":"https:\/\/schema.org","@graph":[{"@type":"WebPage","@id":"https:\/\/neu.mmr-media.de\/kontakt","url":"https:\/\/neu.mmr-media.de\/kontakt","name":"Kontakt - citos GmbH","isPartOf":{"@id":"https:\/\/neu.mmr-media.de\/#website"},"datePublished":"2020-03-14T14:31:03+00:00","dateModified":"2023-05-10T15:32:13+00:00","description":"Consulting, Beratung, Digitalisierung, IT, Corporate Identitiy, Digitalisierung, DMS, Projektmanagement, Interim Management und M&A in Bonn","inLanguage":"es","potentialAction":[{"@type":"ReadAction","target":["https:\/\/neu.mmr-media.de\/kontakt"]}]},{"@type":"WebSite","@id":"https:\/\/neu.mmr-media.de\/#website","url":"https:\/\/neu.mmr-media.de\/","name":"F\u00fcr K\u00f6rper und Seele","description":"F\u00fcr K\u00f6rper und Seele","potentialAction":[{"@type":"SearchAction","target":{"@type":"EntryPoint","urlTemplate":"https:\/\/neu.mmr-media.de\/?s={search_term_string}"},"query-input":"required name=search_term_string"}],"inLanguage":"es"}]}},"_links":{"self":[{"href":"https:\/\/neu.mmr-media.de\/es\/wp-json\/wp\/v2\/pages\/3047"}],"collection":[{"href":"https:\/\/neu.mmr-media.de\/es\/wp-json\/wp\/v2\/pages"}],"about":[{"href":"https:\/\/neu.mmr-media.de\/es\/wp-json\/wp\/v2\/types\/page"}],"author":[{"embeddable":true,"href":"https:\/\/neu.mmr-media.de\/es\/wp-json\/wp\/v2\/users\/1"}],"replies":[{"embeddable":true,"href":"https:\/\/neu.mmr-media.de\/es\/wp-json\/wp\/v2\/comments?post=3047"}],"version-history":[{"count":0,"href":"https:\/\/neu.mmr-media.de\/es\/wp-json\/wp\/v2\/pages\/3047\/revisions"}],"wp:attachment":[{"href":"https:\/\/neu.mmr-media.de\/es\/wp-json\/wp\/v2\/media?parent=3047"}],"curies":[{"name":"wp","href":"https:\/\/api.w.org\/{rel}","templated":true}]}}