{"id":2947,"date":"2020-03-12T16:55:12","date_gmt":"2020-03-12T16:55:12","guid":{"rendered":"https:\/\/neu.mmr-media.de\/?page_id=2947"},"modified":"2023-05-10T15:32:49","modified_gmt":"2023-05-10T15:32:49","slug":"impressum","status":"publish","type":"page","link":"https:\/\/neu.mmr-media.de\/en\/impressum","title":{"rendered":"Imprint"},"content":{"rendered":"<section class=\"wpb-content-wrapper\"><div class=\"vc_row wpb_row vc_row-fluid inner_container desktop-visible cneo-head vc_custom_1683732757084 vc_row-has-fill vc_rtl-columns-reverse vc_row-o-content-middle vc_row-flex\"><div class=\"wpb_column vc_column_container vc_col-sm-3\/5\"><div class=\"vc_column-inner vc_custom_1581831845353\"><div class=\"wpb_wrapper\">\n\t<div class=\"wpb_text_column wpb_content_element\" >\n\t\t<div class=\"wpb_wrapper\">\n\t\t\t\n\t\t<\/div>\n\t<\/div>\n<\/div><\/div><\/div><\/div><div class=\"vc_row wpb_row vc_row-fluid mobile-invisible cneo-head\"><div class=\"wpb_column vc_column_container vc_col-sm-12\"><div class=\"vc_column-inner\"><div class=\"wpb_wrapper\">\n\t<div  class=\"wpb_single_image wpb_content_element vc_align_left\">\n\t\t\n\t\t<figure class=\"wpb_wrapper vc_figure\">\n\t\t\t<div class=\"vc_single_image-wrapper   vc_box_border_grey\"><img width=\"800\" height=\"600\" src=\"https:\/\/neu.mmr-media.de\/wp-content\/uploads\/nordic_walking_800_600.jpg\" class=\"vc_single_image-img attachment-full\" alt=\"\" decoding=\"async\" loading=\"lazy\" title=\"Nordic walking group hiking in summer\" srcset=\"https:\/\/neu.mmr-media.de\/wp-content\/uploads\/nordic_walking_800_600.jpg 800w, https:\/\/neu.mmr-media.de\/wp-content\/uploads\/nordic_walking_800_600-300x225.jpg 300w, https:\/\/neu.mmr-media.de\/wp-content\/uploads\/nordic_walking_800_600-768x576.jpg 768w, https:\/\/neu.mmr-media.de\/wp-content\/uploads\/nordic_walking_800_600-16x12.jpg 16w, https:\/\/neu.mmr-media.de\/wp-content\/uploads\/nordic_walking_800_600-100x75.jpg 100w\" sizes=\"(max-width: 800px) 100vw, 800px\" \/><\/div>\n\t\t<\/figure>\n\t<\/div>\n<\/div><\/div><\/div><\/div><div class=\"vc_row wpb_row vc_row-fluid inner_container_fixed vc_custom_1584032465510 vc_row-has-fill\"><div class=\"wpb_column vc_column_container vc_col-sm-12\"><div class=\"vc_column-inner\"><div class=\"wpb_wrapper\">\n\t<div class=\"wpb_text_column wpb_content_element\" >\n\t\t<div class=\"wpb_wrapper\">\n\t\t\t<h1 style=\"text-align: center;\">Imprint<\/h1>\n<h2>Information according to \u00a7 5 TMG<\/h2>\n<p>FOR BODY AND SOUL<br \/>\nNicole Scherer<br \/>\nFlurstra\u00dfe 12<br \/>\n54340 Riol<\/p>\n<p><strong>Kontakt:<\/strong><br \/>\nTelefon: 0151\/27 55 98 25<br \/>\nE-Mail: info@fuer-koerper-und-seele.com<\/p>\n<p><strong>Verantwortlich f\u00fcr den Inhalt nach \u00a755 ABS. 2 RSTV:<\/strong><br \/>\nNicole Scherer<br \/>\nFlurstra\u00dfe 12<br \/>\n54340 Riol<\/p>\n<p><strong>Represented by:<\/strong><br \/>\nNicole Scherer<\/p>\n<p><strong>Umsatzsteuer-Identifikationsnummer Gem\u00e4\u00df \u00a7 27 a Umsatzsteuergesetz:<\/strong><br \/>\nDE151133581<\/p>\n<p><strong>Haftung f\u00fcr Inhalte:<\/strong><br \/>\nAls Diensteanbieter sind wir gem\u00e4\u00df \u00a7 7 Abs.1 TMG f\u00fcr eigene Inhalte auf diesen Seiten nach den allgemeinen Gesetzen verantwortlich. Nach \u00a7\u00a7 8 bis 10 TMG sind wir als Diensteanbieter jedoch nicht verpflichtet, \u00fcbermittelte oder gespeicherte fremde Informationen zu \u00fcberwachen oder nach Umst\u00e4nden zu forschen, die auf eine rechtswidrige T\u00e4tigkeit hinweisen. Verpflichtungen zur Entfernung oder Sperrung der Nutzung von Informationen nach den allgemeinen Gesetzen bleiben hiervon unber\u00fchrt. Eine diesbez\u00fcgliche Haftung ist jedoch erst ab dem Zeitpunkt der Kenntnis einer konkreten Rechtsverletzung m\u00f6glich. Bei Bekanntwerden von entsprechenden Rechtsverletzungen werden wir diese Inhalte umgehend entfernen.<\/p>\n<p><strong>Haftung f\u00fcr Links:<\/strong><br \/>\nUnser Angebot enth\u00e4lt Links zu externen Webseiten Dritter, auf deren Inhalte wir keinen Einfluss haben. Deshalb k\u00f6nnen wir f\u00fcr diese fremden Inhalte auch keine Gew\u00e4hr \u00fcbernehmen. F\u00fcr die Inhalte der verlinkten Seiten ist stets der jeweilige Anbieter oder Betreiber der Seiten verantwortlich. Die verlinkten Seiten wurden zum Zeitpunkt der Verlinkung auf m\u00f6gliche Rechtsverst\u00f6\u00dfe \u00fcberpr\u00fcft. Rechtswidrige Inhalte waren zum Zeitpunkt der Verlinkung nicht erkennbar. Eine permanente inhaltliche Kontrolle der verlinkten Seiten ist jedoch ohne konkrete Anhaltspunkte einer Rechtsverletzung nicht zumutbar. Bei Bekanntwerden von Rechtsverletzungen werden wir derartige Links umgehend entfernen.<\/p>\n<p><strong>Urheberrecht:<\/strong><br \/>\nDie durch die Seitenbetreiber erstellten Inhalte und Werke auf diesen Seiten unterliegen dem deutschen Urheberrecht. Die Vervielf\u00e4ltigung, Bearbeitung, Verbreitung und jede Art der Verwertung au\u00dferhalb der Grenzen des Urheberrechtes bed\u00fcrfen der schriftlichen Zustimmung des jeweiligen Autors bzw. Erstellers. Downloads und Kopien dieser Seite sind nur f\u00fcr den privaten, nicht kommerziellen Gebrauch gestattet. Soweit die Inhalte auf dieser Seite nicht vom Betreiber erstellt wurden, werden die Urheberrechte Dritter beachtet. Insbesondere werden Inhalte Dritter als solche gekennzeichnet. Sollten Sie trotzdem auf eine Urheberrechtsverletzung aufmerksam werden, bitten wir um einen entsprechenden Hinweis. Bei Bekanntwerden von Rechtsverletzungen werden wir derartige Inhalte umgehend entfernen.<\/p>\n<h2>EU dispute resolution<\/h2>\n<p>The European Commission provides a platform for online dispute resolution (ODR):\u00a0<a href=\"https:\/\/ec.europa.eu\/consumers\/odr\/\" target=\"_blank\" rel=\"noopener noreferrer\">https:\/\/ec.europa.eu\/consumers\/odr\/<\/a>.<br \/>\nYou can find our e-mail address in the imprint above.<\/p>\n<h2>Consumer dispute resolution\/universal arbitration board<\/h2>\n<p>Wir sind nicht bereit oder verpflichtet<a href=\"https:\/\/www.mewi-text.de\/transkriptions-service\">,<\/a>\u00a0an Streitbeilegungsverfahren vor einer Verbraucherschlichtungsstelle teilzunehmen.<\/p>\n<h2>Bildnachweis<\/h2>\n<p>MEWi.text; Adobe Stock Images: AdobeStock_27129391, AdobeStock_82745345.jpeg, AdobeStock_88449135, AdobeStock_135245078, AdobeStock_136192263, AdobeStock_181243295, AdobeStock_398661910, AdobeStock_504612623, AdobeStock_192864747, AdobeStock_247330807<\/p>\n\n\t\t<\/div>\n\t<\/div>\n<\/div><\/div><\/div><\/div>\n<\/section>","protected":false},"excerpt":{"rendered":"Impressum Angaben gem\u00e4\u00df \u00a7 5 TMG F\u00dcR K\u00d6RPER UND SEELE Nicole Scherer Flurstra\u00dfe 12 54340 Riol Kontakt: Telefon: 0151\/27 55 98 25 E-Mail: info@fuer-koerper-und-seele.com Verantwortlich f\u00fcr den Inhalt nach \u00a755 ABS. 2 RSTV: Nicole Scherer Flurstra\u00dfe 12 54340 Riol Vertreten durch: Nicole Scherer Umsatzsteuer-Identifikationsnummer Gem\u00e4\u00df \u00a7 27 a Umsatzsteuergesetz: DE151133581 Haftung f\u00fcr Inhalte: Als Diensteanbieter sind wir gem\u00e4\u00df \u00a7 7 ... <a href=\"https:\/\/neu.mmr-media.de\/en\/impressum\" class=\"more-link\">Read More<\/a>","protected":false},"author":1,"featured_media":0,"parent":0,"menu_order":0,"comment_status":"closed","ping_status":"closed","template":"template-blank-4.php","meta":[],"yoast_head":"<!-- This site is optimized with the Yoast SEO plugin v20.9 - https:\/\/yoast.com\/wordpress\/plugins\/seo\/ -->\n<title>Impressum - citos GmbH<\/title>\n<meta name=\"description\" content=\"Consulting, Beratung, Digitalisierung, IT, Corporate Identitiy, Digitalisierung, DMS, Projektmanagement, Interim Management und M&amp;A in Bonn\" \/>\n<meta name=\"robots\" content=\"index, follow, max-snippet:-1, max-image-preview:large, max-video-preview:-1\" \/>\n<link rel=\"canonical\" href=\"https:\/\/neu.mmr-media.de\/en\/impressum\/\" \/>\n<meta property=\"og:locale\" content=\"en_GB\" \/>\n<meta property=\"og:type\" content=\"article\" \/>\n<meta property=\"og:title\" content=\"Impressum - citos GmbH\" \/>\n<meta property=\"og:description\" content=\"Consulting, Beratung, Digitalisierung, IT, Corporate Identitiy, Digitalisierung, DMS, Projektmanagement, Interim Management und M&amp;A in Bonn\" \/>\n<meta property=\"og:url\" content=\"https:\/\/neu.mmr-media.de\/en\/impressum\/\" \/>\n<meta property=\"og:site_name\" content=\"F\u00fcr K\u00f6rper und Seele\" \/>\n<meta property=\"article:modified_time\" content=\"2023-05-10T15:32:49+00:00\" \/>\n<meta name=\"twitter:card\" content=\"summary_large_image\" \/>\n<meta name=\"twitter:label1\" content=\"Estimated reading time\" \/>\n\t<meta name=\"twitter:data1\" content=\"3 minutes\" \/>\n<script type=\"application\/ld+json\" class=\"yoast-schema-graph\">{\"@context\":\"https:\/\/schema.org\",\"@graph\":[{\"@type\":\"WebPage\",\"@id\":\"https:\/\/neu.mmr-media.de\/impressum\",\"url\":\"https:\/\/neu.mmr-media.de\/impressum\",\"name\":\"Impressum - citos GmbH\",\"isPartOf\":{\"@id\":\"https:\/\/neu.mmr-media.de\/#website\"},\"datePublished\":\"2020-03-12T16:55:12+00:00\",\"dateModified\":\"2023-05-10T15:32:49+00:00\",\"description\":\"Consulting, Beratung, Digitalisierung, IT, Corporate Identitiy, Digitalisierung, DMS, Projektmanagement, Interim Management und M&A in Bonn\",\"inLanguage\":\"en-GB\",\"potentialAction\":[{\"@type\":\"ReadAction\",\"target\":[\"https:\/\/neu.mmr-media.de\/impressum\"]}]},{\"@type\":\"WebSite\",\"@id\":\"https:\/\/neu.mmr-media.de\/#website\",\"url\":\"https:\/\/neu.mmr-media.de\/\",\"name\":\"F\u00fcr K\u00f6rper und Seele\",\"description\":\"F\u00fcr K\u00f6rper und Seele\",\"potentialAction\":[{\"@type\":\"SearchAction\",\"target\":{\"@type\":\"EntryPoint\",\"urlTemplate\":\"https:\/\/neu.mmr-media.de\/?s={search_term_string}\"},\"query-input\":\"required name=search_term_string\"}],\"inLanguage\":\"en-GB\"}]}<\/script>\n<!-- \/ Yoast SEO plugin. -->","yoast_head_json":{"title":"Impressum - citos GmbH","description":"Consulting, Beratung, Digitalisierung, IT, Corporate Identitiy, Digitalisierung, DMS, Projektmanagement, Interim Management und M&A in Bonn","robots":{"index":"index","follow":"follow","max-snippet":"max-snippet:-1","max-image-preview":"max-image-preview:large","max-video-preview":"max-video-preview:-1"},"canonical":"https:\/\/neu.mmr-media.de\/en\/impressum\/","og_locale":"en_GB","og_type":"article","og_title":"Impressum - citos GmbH","og_description":"Consulting, Beratung, Digitalisierung, IT, Corporate Identitiy, Digitalisierung, DMS, Projektmanagement, Interim Management und M&A in Bonn","og_url":"https:\/\/neu.mmr-media.de\/en\/impressum\/","og_site_name":"F\u00fcr K\u00f6rper und Seele","article_modified_time":"2023-05-10T15:32:49+00:00","twitter_card":"summary_large_image","twitter_misc":{"Estimated reading time":"3 minutes"},"schema":{"@context":"https:\/\/schema.org","@graph":[{"@type":"WebPage","@id":"https:\/\/neu.mmr-media.de\/impressum","url":"https:\/\/neu.mmr-media.de\/impressum","name":"Impressum - citos GmbH","isPartOf":{"@id":"https:\/\/neu.mmr-media.de\/#website"},"datePublished":"2020-03-12T16:55:12+00:00","dateModified":"2023-05-10T15:32:49+00:00","description":"Consulting, Beratung, Digitalisierung, IT, Corporate Identitiy, Digitalisierung, DMS, Projektmanagement, Interim Management und M&A in Bonn","inLanguage":"en-GB","potentialAction":[{"@type":"ReadAction","target":["https:\/\/neu.mmr-media.de\/impressum"]}]},{"@type":"WebSite","@id":"https:\/\/neu.mmr-media.de\/#website","url":"https:\/\/neu.mmr-media.de\/","name":"F\u00fcr K\u00f6rper und Seele","description":"F\u00fcr K\u00f6rper und Seele","potentialAction":[{"@type":"SearchAction","target":{"@type":"EntryPoint","urlTemplate":"https:\/\/neu.mmr-media.de\/?s={search_term_string}"},"query-input":"required name=search_term_string"}],"inLanguage":"en-GB"}]}},"_links":{"self":[{"href":"https:\/\/neu.mmr-media.de\/en\/wp-json\/wp\/v2\/pages\/2947"}],"collection":[{"href":"https:\/\/neu.mmr-media.de\/en\/wp-json\/wp\/v2\/pages"}],"about":[{"href":"https:\/\/neu.mmr-media.de\/en\/wp-json\/wp\/v2\/types\/page"}],"author":[{"embeddable":true,"href":"https:\/\/neu.mmr-media.de\/en\/wp-json\/wp\/v2\/users\/1"}],"replies":[{"embeddable":true,"href":"https:\/\/neu.mmr-media.de\/en\/wp-json\/wp\/v2\/comments?post=2947"}],"version-history":[{"count":0,"href":"https:\/\/neu.mmr-media.de\/en\/wp-json\/wp\/v2\/pages\/2947\/revisions"}],"wp:attachment":[{"href":"https:\/\/neu.mmr-media.de\/en\/wp-json\/wp\/v2\/media?parent=2947"}],"curies":[{"name":"wp","href":"https:\/\/api.w.org\/{rel}","templated":true}]}}